{"id":3120,"date":"2024-06-20T17:56:17","date_gmt":"2024-06-20T22:56:17","guid":{"rendered":"https:\/\/elcuyabranpost.com\/?page_id=3120"},"modified":"2025-01-31T10:23:01","modified_gmt":"2025-01-31T15:23:01","slug":"el-post-opina-2","status":"publish","type":"page","link":"https:\/\/elcuyabranpost.com\/index.php\/el-post-opina-2\/","title":{"rendered":"El Post Opina"},"content":{"rendered":"\n<div class=\"wp-block-columns is-layout-flex wp-container-core-columns-is-layout-1 wp-block-columns-is-layout-flex\">\n<div class=\"wp-block-column is-layout-flow wp-block-column-is-layout-flow\">\n<figure class=\"wp-block-image size-large\"><img data-recalc-dims=\"1\" loading=\"lazy\" decoding=\"async\" width=\"1024\" height=\"347\" src=\"https:\/\/i0.wp.com\/elcuyabranpost.com\/wp-content\/uploads\/2024\/06\/10.png?resize=1024%2C347\" alt=\"\" class=\"wp-image-3028\" srcset=\"https:\/\/i0.wp.com\/elcuyabranpost.com\/wp-content\/uploads\/2024\/06\/10.png?resize=1024%2C347&amp;ssl=1 1024w, https:\/\/i0.wp.com\/elcuyabranpost.com\/wp-content\/uploads\/2024\/06\/10.png?resize=300%2C102&amp;ssl=1 300w, https:\/\/i0.wp.com\/elcuyabranpost.com\/wp-content\/uploads\/2024\/06\/10.png?resize=768%2C260&amp;ssl=1 768w, https:\/\/i0.wp.com\/elcuyabranpost.com\/wp-content\/uploads\/2024\/06\/10.png?resize=1536%2C520&amp;ssl=1 1536w, https:\/\/i0.wp.com\/elcuyabranpost.com\/wp-content\/uploads\/2024\/06\/10.png?w=1920&amp;ssl=1 1920w\" sizes=\"(max-width: 1000px) 100vw, 1000px\" \/><\/figure>\n<\/div>\n\n\n\n<div class=\"wp-block-column is-layout-flow wp-block-column-is-layout-flow\">\n<p><em>20 de junio de 2024<\/em><br><a href=\"https:\/\/elcuyabranpost.com\/index.php\/2024\/06\/20\/intelectual-y-devoto-de-la-seleccion-colombia\/\" title=\"\">Intelectual y devoto de la Selecci\u00f3n Colombia<\/a><\/p>\n\n\n\n<p><em>17 de julio de 2024<\/em><br><a href=\"https:\/\/elcuyabranpost.com\/index.php\/2024\/07\/17\/que-verguenza\/\" title=\"\">\u00a1Qu\u00e9 verg\u00fcenza!<\/a><\/p>\n\n\n\n<p><em>29 de agosto de 2024<\/em><br><a href=\"https:\/\/elcuyabranpost.com\/index.php\/2024\/08\/29\/entre-barcelona-gaudi-y-mi-familia\/\" title=\"\">Entre Barcelona Gaud\u00ed y mi familia<\/a><\/p>\n\n\n\n<p><em>9 de noviembre de 2024<\/em><br><a href=\"https:\/\/elcuyabranpost.com\/wp-admin\/post.php?post=4340&amp;action=edit\">Una acci\u00f3n de acupuntura urbana en Armenia<\/a><\/p>\n\n\n\n<div style=\"height:100px\" aria-hidden=\"true\" class=\"wp-block-spacer\"><\/div>\n<\/div>\n<\/div>\n\n\n\n<div class=\"wp-block-columns is-layout-flex wp-container-core-columns-is-layout-2 wp-block-columns-is-layout-flex\">\n<div class=\"wp-block-column is-layout-flow wp-block-column-is-layout-flow\">\n<figure class=\"wp-block-image size-large\"><a href=\"https:\/\/elcuyabranpost.com\/index.php\/2024\/06\/20\/bananos-de-sangre\/\"><img data-recalc-dims=\"1\" loading=\"lazy\" decoding=\"async\" width=\"1024\" height=\"347\" src=\"https:\/\/i0.wp.com\/elcuyabranpost.com\/wp-content\/uploads\/2024\/06\/9-1-1024x347.png?resize=1024%2C347&#038;ssl=1\" alt=\"\" class=\"wp-image-3122\" srcset=\"https:\/\/i0.wp.com\/elcuyabranpost.com\/wp-content\/uploads\/2024\/06\/9-1.png?resize=1024%2C347&amp;ssl=1 1024w, https:\/\/i0.wp.com\/elcuyabranpost.com\/wp-content\/uploads\/2024\/06\/9-1.png?resize=300%2C102&amp;ssl=1 300w, https:\/\/i0.wp.com\/elcuyabranpost.com\/wp-content\/uploads\/2024\/06\/9-1.png?resize=768%2C260&amp;ssl=1 768w, https:\/\/i0.wp.com\/elcuyabranpost.com\/wp-content\/uploads\/2024\/06\/9-1.png?resize=1536%2C520&amp;ssl=1 1536w, https:\/\/i0.wp.com\/elcuyabranpost.com\/wp-content\/uploads\/2024\/06\/9-1.png?w=1920&amp;ssl=1 1920w\" sizes=\"(max-width: 1000px) 100vw, 1000px\" \/><\/a><\/figure>\n<\/div>\n\n\n\n<div class=\"wp-block-column is-layout-flow wp-block-column-is-layout-flow\">\n<p><em>20 de junio de 2024<\/em><br><a href=\"https:\/\/elcuyabranpost.com\/index.php\/2024\/06\/20\/bananos-de-sangre\/\" title=\"\">Bananos de sangre<\/a><\/p>\n\n\n\n<p><em>11 de julio de 2024<\/em><br><a href=\"https:\/\/elcuyabranpost.com\/index.php\/2024\/07\/11\/galvis-la-palabra-pactada\/\" title=\"\">Galvis: la palabra pactada<\/a><br><br><em>9 de agosto de 2024<\/em><br><a href=\"Petro: Dos a\u00f1os de muchos inicios y pocos desenlaces\">Petro: Dos a\u00f1os de muchos inicios y pocos desenlaces<\/a><\/p>\n\n\n\n<p><em>16 de agosto de 2024<\/em><br><a href=\"https:\/\/elcuyabranpost.com\/index.php\/2024\/08\/16\/mas-oxxos-que-parques\/\" title=\"\">M\u00e1s Oxxos que parques<\/a><\/p>\n\n\n\n<p><em>19 de octubre de 2024<\/em><br><a href=\"https:\/\/elcuyabranpost.com\/index.php\/2024\/10\/19\/la-discusion-que-necesita-la-cop16-y-que-no-esta-agendada\/\" title=\"\">La discusi\u00f3n que necesita la COP16 y que no est\u00e1 agendada<\/a><\/p>\n\n\n\n<p><em>9 de diciembre de 2024<\/em><br><a href=\"https:\/\/elcuyabranpost.com\/wp-admin\/post.php?post=4553&amp;action=edit\">Pues ya sin tema\u2026 hablemos de al-Assad y Sheinbaum<\/a><\/p>\n\n\n\n<p><em>22 de diciembre de 2024<\/em><br><a href=\"https:\/\/elcuyabranpost.com\/index.php\/2024\/12\/22\/natillas-y-bunuelos\/\" title=\"\">Natillas y bu\u00f1uelos<\/a><\/p>\n\n\n\n<div style=\"height:100px\" aria-hidden=\"true\" class=\"wp-block-spacer\"><\/div>\n<\/div>\n<\/div>\n\n\n\n<div class=\"wp-block-columns is-layout-flex wp-container-core-columns-is-layout-3 wp-block-columns-is-layout-flex\">\n<div class=\"wp-block-column is-layout-flow wp-block-column-is-layout-flow\">\n<figure class=\"wp-block-image size-large\"><img data-recalc-dims=\"1\" loading=\"lazy\" decoding=\"async\" width=\"1024\" height=\"347\" src=\"https:\/\/i0.wp.com\/elcuyabranpost.com\/wp-content\/uploads\/2024\/06\/4-3.png?resize=1024%2C347\" alt=\"\" class=\"wp-image-3165\" srcset=\"https:\/\/i0.wp.com\/elcuyabranpost.com\/wp-content\/uploads\/2024\/06\/4-3.png?resize=1024%2C347&amp;ssl=1 1024w, https:\/\/i0.wp.com\/elcuyabranpost.com\/wp-content\/uploads\/2024\/06\/4-3.png?resize=300%2C102&amp;ssl=1 300w, https:\/\/i0.wp.com\/elcuyabranpost.com\/wp-content\/uploads\/2024\/06\/4-3.png?resize=768%2C260&amp;ssl=1 768w, https:\/\/i0.wp.com\/elcuyabranpost.com\/wp-content\/uploads\/2024\/06\/4-3.png?resize=1536%2C520&amp;ssl=1 1536w, https:\/\/i0.wp.com\/elcuyabranpost.com\/wp-content\/uploads\/2024\/06\/4-3.png?w=1920&amp;ssl=1 1920w\" sizes=\"(max-width: 1000px) 100vw, 1000px\" \/><\/figure>\n<\/div>\n\n\n\n<div class=\"wp-block-column is-layout-flow wp-block-column-is-layout-flow\">\n<p><em>27 de junio de 2024<\/em><br><a href=\"https:\/\/elcuyabranpost.com\/index.php\/2024\/06\/27\/chatgpt-es-una-maquina-de-mierda\/\" title=\"\">ChatGPT es una m\u00e1quina de mierda<\/a><\/p>\n\n\n\n<p><em>17 de julio de 2024<\/em><br><a href=\"https:\/\/elcuyabranpost.com\/index.php\/2024\/07\/17\/cannabis-en-el-estanque\/\" title=\"\">Cannabis en el estanque<\/a><\/p>\n\n\n\n<p><em>16 de agosto de 2024<\/em><br><a href=\"https:\/\/elcuyabranpost.com\/index.php\/2024\/08\/16\/dos-anos-de-gobierno-petro-contra-los-mercaderes\/\" title=\"\">Dos a\u00f1os de gobierno: Petro contra los mercaderes<\/a><\/p>\n\n\n\n<p><em>14 de septiembre<\/em><br><a href=\"https:\/\/elcuyabranpost.com\/wp-admin\/post.php?post=3916&amp;action=edit\">La vida se aferra<\/a><\/p>\n\n\n\n<p><em>26 de octubre de 2024<\/em><br><a href=\"https:\/\/elcuyabranpost.com\/index.php\/2024\/10\/26\/esa-tal-distopia-no-existe\/\" title=\"\">Esa tal distop\u00eda no existe<\/a><\/p>\n\n\n\n<div style=\"height:100px\" aria-hidden=\"true\" class=\"wp-block-spacer\"><\/div>\n<\/div>\n<\/div>\n\n\n\n<div class=\"wp-block-columns is-layout-flex wp-container-core-columns-is-layout-4 wp-block-columns-is-layout-flex\">\n<div class=\"wp-block-column is-layout-flow wp-block-column-is-layout-flow\">\n<figure class=\"wp-block-image size-large\"><img data-recalc-dims=\"1\" loading=\"lazy\" decoding=\"async\" width=\"1024\" height=\"347\" src=\"https:\/\/i0.wp.com\/elcuyabranpost.com\/wp-content\/uploads\/2024\/06\/3-4-1024x347.png?resize=1024%2C347&#038;ssl=1\" alt=\"\" class=\"wp-image-3197\" srcset=\"https:\/\/i0.wp.com\/elcuyabranpost.com\/wp-content\/uploads\/2024\/06\/3-4.png?resize=1024%2C347&amp;ssl=1 1024w, https:\/\/i0.wp.com\/elcuyabranpost.com\/wp-content\/uploads\/2024\/06\/3-4.png?resize=300%2C102&amp;ssl=1 300w, https:\/\/i0.wp.com\/elcuyabranpost.com\/wp-content\/uploads\/2024\/06\/3-4.png?resize=768%2C260&amp;ssl=1 768w, https:\/\/i0.wp.com\/elcuyabranpost.com\/wp-content\/uploads\/2024\/06\/3-4.png?resize=1536%2C520&amp;ssl=1 1536w, https:\/\/i0.wp.com\/elcuyabranpost.com\/wp-content\/uploads\/2024\/06\/3-4.png?w=1920&amp;ssl=1 1920w\" sizes=\"(max-width: 1000px) 100vw, 1000px\" \/><\/figure>\n<\/div>\n\n\n\n<div class=\"wp-block-column is-layout-flow wp-block-column-is-layout-flow\">\n<p><em>27 de junio de 2024<\/em><br><a href=\"https:\/\/elcuyabranpost.com\/index.php\/2024\/06\/27\/espacio-publico-de-todos-y-de-nadie\/\" title=\"\">Espacio p\u00fablico, de todos y de nadie<\/a><\/p>\n\n\n\n<p><em>24 de julio de 2024<\/em><br><a href=\"https:\/\/elcuyabranpost.com\/index.php\/2024\/07\/24\/las-cosas-como-son\/\" title=\"\">Las cosas como son<\/a><\/p>\n\n\n\n<p><em>23 de agosto<\/em><br><a href=\"https:\/\/elcuyabranpost.com\/index.php\/2024\/08\/23\/potencia-mundial-de-los-memes\/\" title=\"\">Potencia mundial de los memes<\/a><\/p>\n\n\n\n<p><em>14 de septiembre<\/em><br><a href=\"https:\/\/elcuyabranpost.com\/wp-admin\/post.php?post=3910&amp;action=edit\">De las fotomultas y otros males<\/a><\/p>\n\n\n\n<div style=\"height:100px\" aria-hidden=\"true\" class=\"wp-block-spacer\"><\/div>\n<\/div>\n<\/div>\n\n\n\n<div class=\"wp-block-columns is-layout-flex wp-container-core-columns-is-layout-5 wp-block-columns-is-layout-flex\">\n<div class=\"wp-block-column is-layout-flow wp-block-column-is-layout-flow\">\n<figure class=\"wp-block-image size-large\"><img data-recalc-dims=\"1\" loading=\"lazy\" decoding=\"async\" width=\"1024\" height=\"347\" src=\"https:\/\/i0.wp.com\/elcuyabranpost.com\/wp-content\/uploads\/2024\/07\/Cathe.png?resize=1024%2C347\" alt=\"\" class=\"wp-image-3248\" srcset=\"https:\/\/i0.wp.com\/elcuyabranpost.com\/wp-content\/uploads\/2024\/07\/Cathe.png?resize=1024%2C347&amp;ssl=1 1024w, https:\/\/i0.wp.com\/elcuyabranpost.com\/wp-content\/uploads\/2024\/07\/Cathe.png?resize=300%2C102&amp;ssl=1 300w, https:\/\/i0.wp.com\/elcuyabranpost.com\/wp-content\/uploads\/2024\/07\/Cathe.png?resize=768%2C260&amp;ssl=1 768w, https:\/\/i0.wp.com\/elcuyabranpost.com\/wp-content\/uploads\/2024\/07\/Cathe.png?resize=1536%2C520&amp;ssl=1 1536w, https:\/\/i0.wp.com\/elcuyabranpost.com\/wp-content\/uploads\/2024\/07\/Cathe.png?w=1920&amp;ssl=1 1920w\" sizes=\"(max-width: 1000px) 100vw, 1000px\" \/><\/figure>\n<\/div>\n\n\n\n<div class=\"wp-block-column is-layout-flow wp-block-column-is-layout-flow\">\n<p><em>4 de julio de 2024<\/em><br><a href=\"http:\/\/la-malversacion-del-infotainment-en-la-era-influencer\" title=\"\">La malversaci\u00f3n del Infotainment en la era influencer<\/a><\/p>\n\n\n\n<p><em>24 de julio de 2024<\/em><br><a href=\"https:\/\/elcuyabranpost.com\/index.php\/2024\/07\/24\/estoicismo-para-la-vida\/\" title=\"\">Estoicismo para la vida<\/a><\/p>\n\n\n\n<p><em>23 de agosto de 2024<\/em><br><a href=\"https:\/\/elcuyabranpost.com\/index.php\/2024\/08\/23\/mas-que-tela-el-mensaje-silencioso-de-nuestra-ropa\/\" title=\"\">M\u00e1s que tela<\/a><\/p>\n\n\n\n<p><em>20 de septiembre de 2024<\/em><br><a href=\"http:\/\/el-calentamiento-global-moda-pasajera-o-realidad-ineludible\" title=\"\">El calentamiento global \u00a1moda pasajera o realidad ineludible?<\/a><\/p>\n\n\n\n<div style=\"height:100px\" aria-hidden=\"true\" class=\"wp-block-spacer\"><\/div>\n<\/div>\n<\/div>\n\n\n\n<div class=\"wp-block-columns is-layout-flex wp-container-core-columns-is-layout-6 wp-block-columns-is-layout-flex\">\n<div class=\"wp-block-column is-layout-flow wp-block-column-is-layout-flow\">\n<figure class=\"wp-block-image size-large\"><img data-recalc-dims=\"1\" loading=\"lazy\" decoding=\"async\" width=\"1024\" height=\"347\" src=\"https:\/\/i0.wp.com\/elcuyabranpost.com\/wp-content\/uploads\/2024\/07\/Miguel.png?resize=1024%2C347\" alt=\"\" class=\"wp-image-3244\" srcset=\"https:\/\/i0.wp.com\/elcuyabranpost.com\/wp-content\/uploads\/2024\/07\/Miguel.png?resize=1024%2C347&amp;ssl=1 1024w, https:\/\/i0.wp.com\/elcuyabranpost.com\/wp-content\/uploads\/2024\/07\/Miguel.png?resize=300%2C102&amp;ssl=1 300w, https:\/\/i0.wp.com\/elcuyabranpost.com\/wp-content\/uploads\/2024\/07\/Miguel.png?resize=768%2C260&amp;ssl=1 768w, https:\/\/i0.wp.com\/elcuyabranpost.com\/wp-content\/uploads\/2024\/07\/Miguel.png?resize=1536%2C520&amp;ssl=1 1536w, https:\/\/i0.wp.com\/elcuyabranpost.com\/wp-content\/uploads\/2024\/07\/Miguel.png?w=1920&amp;ssl=1 1920w\" sizes=\"(max-width: 1000px) 100vw, 1000px\" \/><\/figure>\n<\/div>\n\n\n\n<div class=\"wp-block-column is-layout-flow wp-block-column-is-layout-flow\">\n<p><em>4 de julio de 2024<\/em><br><a href=\"https:\/\/elcuyabranpost.com\/index.php\/2024\/07\/03\/mas-quindiano-que-la-arepa-paisa-o-el-cholao-valluno\/\" title=\"\">M\u00e1s quindiano que la arepa paisa o el cholao valluno<\/a><\/p>\n\n\n\n<p><em>1 de agosto de 2024<\/em><br><a href=\"https:\/\/elcuyabranpost.com\/index.php\/2024\/08\/01\/de-aca-pa-alla-y-de-alla-pa-aca\/\" title=\"\">De ac\u00e1 pa&#8217; all\u00e1 y de all\u00e1 pa&#8217; ac\u00e1<\/a><\/p>\n\n\n\n<p><em>20 de septiembre de 2024<\/em><br><a href=\"https:\/\/elcuyabranpost.com\/index.php\/2024\/09\/20\/paisaje-cultural-cafetero-cuento-popular-realismo-magico-mito-o-realidad-o-la-verdad-o-se-atreve\/\" title=\"\">Paisaje Cultural Cafetero: \u00bfCuento popular? \u00bfRealismo m\u00e1gico? \u00bfMito o realidad? o \u00bfLa verdad o se atreve?<\/a><\/p>\n\n\n\n<p><em>9 de noviembre de 2024<\/em><br><a href=\"https:\/\/elcuyabranpost.com\/wp-admin\/post.php?post=4331&amp;action=edit\">\u00a1Esta calentura nos est\u00e1 matando!<\/a><\/p>\n\n\n\n<div style=\"height:100px\" aria-hidden=\"true\" class=\"wp-block-spacer\"><\/div>\n<\/div>\n<\/div>\n\n\n\n<div class=\"wp-block-columns is-layout-flex wp-container-core-columns-is-layout-7 wp-block-columns-is-layout-flex\">\n<div class=\"wp-block-column is-layout-flow wp-block-column-is-layout-flow\">\n<figure class=\"wp-block-image size-large\"><img data-recalc-dims=\"1\" loading=\"lazy\" decoding=\"async\" width=\"1024\" height=\"347\" src=\"https:\/\/i0.wp.com\/elcuyabranpost.com\/wp-content\/uploads\/2024\/07\/Alcides.png?resize=1024%2C347\" alt=\"\" class=\"wp-image-3292\" srcset=\"https:\/\/i0.wp.com\/elcuyabranpost.com\/wp-content\/uploads\/2024\/07\/Alcides.png?resize=1024%2C347&amp;ssl=1 1024w, https:\/\/i0.wp.com\/elcuyabranpost.com\/wp-content\/uploads\/2024\/07\/Alcides.png?resize=300%2C102&amp;ssl=1 300w, https:\/\/i0.wp.com\/elcuyabranpost.com\/wp-content\/uploads\/2024\/07\/Alcides.png?resize=768%2C260&amp;ssl=1 768w, https:\/\/i0.wp.com\/elcuyabranpost.com\/wp-content\/uploads\/2024\/07\/Alcides.png?resize=1536%2C520&amp;ssl=1 1536w, https:\/\/i0.wp.com\/elcuyabranpost.com\/wp-content\/uploads\/2024\/07\/Alcides.png?w=1920&amp;ssl=1 1920w\" sizes=\"(max-width: 1000px) 100vw, 1000px\" \/><\/figure>\n<\/div>\n\n\n\n<div class=\"wp-block-column is-layout-flow wp-block-column-is-layout-flow\">\n<p><em>11 de julio de 2024<\/em><br><a href=\"https:\/\/elcuyabranpost.com\/index.php\/2024\/07\/11\/la-psicologia-politica-y-su-impacto-en-el-quindio\/\" title=\"\">La psicolog\u00eda pol\u00edtica y su impacto en el Quind\u00edo<\/a><\/p>\n\n\n\n<p><em>1 de agosto de 2024<\/em><br><a href=\"https:\/\/elcuyabranpost.com\/index.php\/2024\/08\/01\/recuperar-el-sentido-de-pertenencia-en-armenia\/\" title=\"\">Recuperar el sentido de pertenencia en Armenia<\/a><\/p>\n\n\n\n<p><em>6 de septiembre de 2024<\/em><br><a href=\"https:\/\/elcuyabranpost.com\/index.php\/2024\/09\/06\/miedo-e-intimidacion\/\" title=\"\">Miedo e intimidaci\u00f3n<\/a><\/p>\n\n\n\n<p><em>17 de noviembre de 2024<\/em><br><a href=\"https:\/\/elcuyabranpost.com\/wp-admin\/post.php?post=4425&amp;action=edit\">El arte marcial de las mam\u00e1s y el celular<\/a><\/p>\n\n\n\n<p><em>30 de noviembre de 2024<\/em><br><a href=\"https:\/\/elcuyabranpost.com\/wp-admin\/post.php?post=4522&amp;action=edit\">Las buenas mam\u00e1s<\/a><\/p>\n\n\n\n<p><em>22 de diciembre de 2024<\/em><br><a href=\"https:\/\/elcuyabranpost.com\/wp-admin\/post.php?post=4622&amp;action=edit\">El pr\u00edncipe del pueblo: menos lindo, menos rico y menos rodeado de lo que creen<\/a><\/p>\n\n\n\n<div style=\"height:100px\" aria-hidden=\"true\" class=\"wp-block-spacer\"><\/div>\n<\/div>\n<\/div>\n\n\n\n<div class=\"wp-block-columns is-layout-flex wp-container-core-columns-is-layout-8 wp-block-columns-is-layout-flex\">\n<div class=\"wp-block-column is-layout-flow wp-block-column-is-layout-flow\">\n<figure class=\"wp-block-image size-large\"><img data-recalc-dims=\"1\" loading=\"lazy\" decoding=\"async\" width=\"1024\" height=\"347\" src=\"https:\/\/i0.wp.com\/elcuyabranpost.com\/wp-content\/uploads\/2024\/08\/Comunicador-social-y-periodista.png?resize=1024%2C347\" alt=\"\" class=\"wp-image-3588\" srcset=\"https:\/\/i0.wp.com\/elcuyabranpost.com\/wp-content\/uploads\/2024\/08\/Comunicador-social-y-periodista.png?resize=1024%2C347&amp;ssl=1 1024w, https:\/\/i0.wp.com\/elcuyabranpost.com\/wp-content\/uploads\/2024\/08\/Comunicador-social-y-periodista.png?resize=300%2C102&amp;ssl=1 300w, https:\/\/i0.wp.com\/elcuyabranpost.com\/wp-content\/uploads\/2024\/08\/Comunicador-social-y-periodista.png?resize=768%2C260&amp;ssl=1 768w, https:\/\/i0.wp.com\/elcuyabranpost.com\/wp-content\/uploads\/2024\/08\/Comunicador-social-y-periodista.png?resize=1536%2C520&amp;ssl=1 1536w, https:\/\/i0.wp.com\/elcuyabranpost.com\/wp-content\/uploads\/2024\/08\/Comunicador-social-y-periodista.png?w=1920&amp;ssl=1 1920w\" sizes=\"(max-width: 1000px) 100vw, 1000px\" \/><\/figure>\n<\/div>\n\n\n\n<div class=\"wp-block-column is-layout-flow wp-block-column-is-layout-flow\">\n<p><em>9 de agosto de 2024<\/em><br><a href=\"https:\/\/elcuyabranpost.com\/index.php\/2024\/08\/09\/buscando-la-cordura\/\" title=\"\">Buscando la cordura<\/a><\/p>\n\n\n\n<p><em>29 de agosto de 2024<\/em><br><a href=\"https:\/\/elcuyabranpost.com\/index.php\/2024\/08\/29\/dunkerque-esta-perdido\/\" title=\"\">Dunkerque est\u00e1 perdido<\/a><\/p>\n\n\n\n<p><em>26 de octubre de 2024<\/em><br><a href=\"https:\/\/elcuyabranpost.com\/index.php\/2024\/10\/26\/por-una-camiseta-de-rayas\/\" title=\"\">Por una camiseta de rayas<\/a><\/p>\n\n\n\n<p><em>30 de noviembre de 2024<\/em><br><a href=\"https:\/\/elcuyabranpost.com\/wp-admin\/post.php?post=4518&amp;action=edit\">El amor: \u00bfamigo o enemigo?<\/a><\/p>\n\n\n\n<div style=\"height:100px\" aria-hidden=\"true\" class=\"wp-block-spacer\"><\/div>\n<\/div>\n<\/div>\n\n\n\n<div class=\"wp-block-columns is-layout-flex wp-container-core-columns-is-layout-9 wp-block-columns-is-layout-flex\">\n<div class=\"wp-block-column is-layout-flow wp-block-column-is-layout-flow\">\n<figure class=\"wp-block-image size-large\"><img data-recalc-dims=\"1\" loading=\"lazy\" decoding=\"async\" width=\"1024\" height=\"347\" src=\"https:\/\/i0.wp.com\/elcuyabranpost.com\/wp-content\/uploads\/2024\/09\/Dianita.png?resize=1024%2C347\" alt=\"\" class=\"wp-image-3844\" srcset=\"https:\/\/i0.wp.com\/elcuyabranpost.com\/wp-content\/uploads\/2024\/09\/Dianita.png?resize=1024%2C347&amp;ssl=1 1024w, https:\/\/i0.wp.com\/elcuyabranpost.com\/wp-content\/uploads\/2024\/09\/Dianita.png?resize=300%2C102&amp;ssl=1 300w, https:\/\/i0.wp.com\/elcuyabranpost.com\/wp-content\/uploads\/2024\/09\/Dianita.png?resize=768%2C260&amp;ssl=1 768w, https:\/\/i0.wp.com\/elcuyabranpost.com\/wp-content\/uploads\/2024\/09\/Dianita.png?resize=1536%2C520&amp;ssl=1 1536w, https:\/\/i0.wp.com\/elcuyabranpost.com\/wp-content\/uploads\/2024\/09\/Dianita.png?w=1920&amp;ssl=1 1920w\" sizes=\"(max-width: 1000px) 100vw, 1000px\" \/><\/figure>\n<\/div>\n\n\n\n<div class=\"wp-block-column is-layout-flow wp-block-column-is-layout-flow\">\n<p><em>6 de septiembre de 2024<\/em><br><a href=\"https:\/\/elcuyabranpost.com\/index.php\/2024\/09\/06\/desmontando-mitos-de-la-insolvencia-para-personas-naturales-no-comerciantes\/\" title=\"\">Desmontando mitos de la insolvencia para personas naturales no comerciantes<\/a><\/p>\n\n\n\n<p><em>19 de octubre de 2024<\/em><br><a href=\"https:\/\/elcuyabranpost.com\/index.php\/2024\/10\/19\/inteligencia-artificial-el-nuevo-reto-para-la-justicia-en-colombia\/\" title=\"\">Inteligencia Artificial: El nuevo reto para la Justicia en Colombia<\/a><\/p>\n<\/div>\n<\/div>\n","protected":false},"excerpt":{"rendered":"<p>20 de junio de 2024Intelectual y devoto de la Selecci\u00f3n Colombia 17 de julio de 2024\u00a1Qu\u00e9 verg\u00fcenza! 29 de agosto de 2024Entre Barcelona Gaud\u00ed y mi familia 9 de noviembre de 2024Una acci\u00f3n de acupuntura urbana en Armenia 20 de junio de 2024Bananos de sangre 11 de julio de 2024Galvis: la palabra pactada 9 de [&hellip;]<\/p>\n","protected":false},"author":1,"featured_media":0,"parent":0,"menu_order":0,"comment_status":"closed","ping_status":"closed","template":"","meta":{"om_disable_all_campaigns":false,"_monsterinsights_skip_tracking":false,"_monsterinsights_sitenote_active":false,"_monsterinsights_sitenote_note":"","_monsterinsights_sitenote_category":0,"_uf_show_specific_survey":0,"_uf_disable_surveys":false,"footnotes":""},"class_list":["post-3120","page","type-page","status-publish","hentry"],"aioseo_notices":[],"jetpack_sharing_enabled":true,"_links":{"self":[{"href":"https:\/\/elcuyabranpost.com\/index.php\/wp-json\/wp\/v2\/pages\/3120"}],"collection":[{"href":"https:\/\/elcuyabranpost.com\/index.php\/wp-json\/wp\/v2\/pages"}],"about":[{"href":"https:\/\/elcuyabranpost.com\/index.php\/wp-json\/wp\/v2\/types\/page"}],"author":[{"embeddable":true,"href":"https:\/\/elcuyabranpost.com\/index.php\/wp-json\/wp\/v2\/users\/1"}],"replies":[{"embeddable":true,"href":"https:\/\/elcuyabranpost.com\/index.php\/wp-json\/wp\/v2\/comments?post=3120"}],"version-history":[{"count":25,"href":"https:\/\/elcuyabranpost.com\/index.php\/wp-json\/wp\/v2\/pages\/3120\/revisions"}],"predecessor-version":[{"id":4761,"href":"https:\/\/elcuyabranpost.com\/index.php\/wp-json\/wp\/v2\/pages\/3120\/revisions\/4761"}],"wp:attachment":[{"href":"https:\/\/elcuyabranpost.com\/index.php\/wp-json\/wp\/v2\/media?parent=3120"}],"curies":[{"name":"wp","href":"https:\/\/api.w.org\/{rel}","templated":true}]}}